{"id":1485,"date":"2023-09-27T15:56:41","date_gmt":"2023-09-27T20:56:41","guid":{"rendered":"https:\/\/www.arbitrajeccl.com.pe\/blog\/"},"modified":"2023-12-14T20:49:10","modified_gmt":"2023-12-14T20:49:10","slug":"blog","status":"publish","type":"page","link":"https:\/\/www.arbitrajeccl.com.pe\/en\/blog\/","title":{"rendered":"Arbitral Vision &#8211; Blog"},"content":{"rendered":"","protected":false},"excerpt":{"rendered":"","protected":false},"author":4,"featured_media":15351,"parent":0,"menu_order":0,"comment_status":"closed","ping_status":"closed","template":"page-templates\/noticias.php","meta":{"footnotes":""},"class_list":["post-1485","page","type-page","status-publish","has-post-thumbnail"],"yoast_head":"<!-- This site is optimized with the Yoast SEO Premium plugin v23.7 (Yoast SEO v26.3) - https:\/\/yoast.com\/wordpress\/plugins\/seo\/ -->\n<title>Arbitral Vision - Blog - Centro de Arbitraje - C\u00e1mara de comercio Lima<\/title>\n<meta name=\"robots\" content=\"index, follow, max-snippet:-1, max-image-preview:large, max-video-preview:-1\" \/>\n<link rel=\"canonical\" href=\"https:\/\/www.arbitrajeccl.com.pe\/en\/blog\/\" \/>\n<meta property=\"og:locale\" content=\"en_US\" \/>\n<meta property=\"og:type\" content=\"article\" \/>\n<meta property=\"og:title\" content=\"Arbitral Vision - Blog\" \/>\n<meta property=\"og:url\" content=\"https:\/\/www.arbitrajeccl.com.pe\/en\/blog\/\" \/>\n<meta property=\"og:site_name\" content=\"Centro de Arbitraje - C\u00e1mara de comercio Lima\" \/>\n<meta property=\"article:modified_time\" content=\"2023-12-14T20:49:10+00:00\" \/>\n<meta property=\"og:image\" content=\"https:\/\/www.arbitrajeccl.com.pe\/wp-content\/uploads\/2023\/11\/arbitraje2-1.png\" \/>\n\t<meta property=\"og:image:width\" content=\"708\" \/>\n\t<meta property=\"og:image:height\" content=\"351\" \/>\n\t<meta property=\"og:image:type\" content=\"image\/png\" \/>\n<meta name=\"twitter:card\" content=\"summary_large_image\" \/>\n<script type=\"application\/ld+json\" class=\"yoast-schema-graph\">{\"@context\":\"https:\/\/schema.org\",\"@graph\":[{\"@type\":\"WebPage\",\"@id\":\"https:\/\/www.arbitrajeccl.com.pe\/en\/blog\/\",\"url\":\"https:\/\/www.arbitrajeccl.com.pe\/en\/blog\/\",\"name\":\"Arbitral Vision - Blog - Centro de Arbitraje - C\u00e1mara de comercio Lima\",\"isPartOf\":{\"@id\":\"https:\/\/www.arbitrajeccl.com.pe\/en\/#website\"},\"primaryImageOfPage\":{\"@id\":\"https:\/\/www.arbitrajeccl.com.pe\/en\/blog\/#primaryimage\"},\"image\":{\"@id\":\"https:\/\/www.arbitrajeccl.com.pe\/en\/blog\/#primaryimage\"},\"thumbnailUrl\":\"https:\/\/www.arbitrajeccl.com.pe\/wp-content\/uploads\/2024\/04\/Vision-Arbitral-Blog.jpg\",\"datePublished\":\"2023-09-27T20:56:41+00:00\",\"dateModified\":\"2023-12-14T20:49:10+00:00\",\"breadcrumb\":{\"@id\":\"https:\/\/www.arbitrajeccl.com.pe\/en\/blog\/#breadcrumb\"},\"inLanguage\":\"en-US\",\"potentialAction\":[{\"@type\":\"ReadAction\",\"target\":[\"https:\/\/www.arbitrajeccl.com.pe\/en\/blog\/\"]}]},{\"@type\":\"ImageObject\",\"inLanguage\":\"en-US\",\"@id\":\"https:\/\/www.arbitrajeccl.com.pe\/en\/blog\/#primaryimage\",\"url\":\"https:\/\/www.arbitrajeccl.com.pe\/wp-content\/uploads\/2024\/04\/Vision-Arbitral-Blog.jpg\",\"contentUrl\":\"https:\/\/www.arbitrajeccl.com.pe\/wp-content\/uploads\/2024\/04\/Vision-Arbitral-Blog.jpg\",\"width\":898,\"height\":671,\"caption\":\"Visi\u00f3n Arbitral - Blog\"},{\"@type\":\"BreadcrumbList\",\"@id\":\"https:\/\/www.arbitrajeccl.com.pe\/en\/blog\/#breadcrumb\",\"itemListElement\":[{\"@type\":\"ListItem\",\"position\":1,\"name\":\"Portada\",\"item\":\"https:\/\/www.arbitrajeccl.com.pe\/en\/\"},{\"@type\":\"ListItem\",\"position\":2,\"name\":\"Arbitral Vision &#8211; Blog\"}]},{\"@type\":\"WebSite\",\"@id\":\"https:\/\/www.arbitrajeccl.com.pe\/en\/#website\",\"url\":\"https:\/\/www.arbitrajeccl.com.pe\/en\/\",\"name\":\"Centro de Arbitraje CCL\",\"description\":\"El Centro Nacional e Internacional de Arbitraje de la C\u00e1mara de Comercio de Lima fue fundado en 1993, en una coyuntura que exig\u00eda enfrentar los retos que presentaban los fen\u00f3menos de una econom\u00eda de mercado globalizada, donde era primordial la soluci\u00f3n de controversias de manera efectiva en el menor tiempo posible.\",\"publisher\":{\"@id\":\"https:\/\/www.arbitrajeccl.com.pe\/en\/#organization\"},\"potentialAction\":[{\"@type\":\"SearchAction\",\"target\":{\"@type\":\"EntryPoint\",\"urlTemplate\":\"https:\/\/www.arbitrajeccl.com.pe\/en\/?s={search_term_string}\"},\"query-input\":{\"@type\":\"PropertyValueSpecification\",\"valueRequired\":true,\"valueName\":\"search_term_string\"}}],\"inLanguage\":\"en-US\"},{\"@type\":\"Organization\",\"@id\":\"https:\/\/www.arbitrajeccl.com.pe\/en\/#organization\",\"name\":\"Centro de Arbitraje CCL\",\"url\":\"https:\/\/www.arbitrajeccl.com.pe\/en\/\",\"logo\":{\"@type\":\"ImageObject\",\"inLanguage\":\"en-US\",\"@id\":\"https:\/\/www.arbitrajeccl.com.pe\/en\/#\/schema\/logo\/image\/\",\"url\":\"https:\/\/www.arbitrajeccl.com.pe\/wp-content\/uploads\/2023\/11\/arbitraje2-1.png\",\"contentUrl\":\"https:\/\/www.arbitrajeccl.com.pe\/wp-content\/uploads\/2023\/11\/arbitraje2-1.png\",\"width\":708,\"height\":351,\"caption\":\"Centro de Arbitraje CCL\"},\"image\":{\"@id\":\"https:\/\/www.arbitrajeccl.com.pe\/en\/#\/schema\/logo\/image\/\"},\"sameAs\":[\"https:\/\/es.linkedin.com\/company\/centro-de-arbitraje-ccl\",\"https:\/\/www.youtube.com\/channel\/UCB2V5gWFDrkPY0ImsvGs1ZQ\"]}]}<\/script>\n<!-- \/ Yoast SEO Premium plugin. -->","yoast_head_json":{"title":"Arbitral Vision - Blog - Centro de Arbitraje - C\u00e1mara de comercio Lima","robots":{"index":"index","follow":"follow","max-snippet":"max-snippet:-1","max-image-preview":"max-image-preview:large","max-video-preview":"max-video-preview:-1"},"canonical":"https:\/\/www.arbitrajeccl.com.pe\/en\/blog\/","og_locale":"en_US","og_type":"article","og_title":"Arbitral Vision - Blog","og_url":"https:\/\/www.arbitrajeccl.com.pe\/en\/blog\/","og_site_name":"Centro de Arbitraje - C\u00e1mara de comercio Lima","article_modified_time":"2023-12-14T20:49:10+00:00","og_image":[{"width":708,"height":351,"url":"https:\/\/www.arbitrajeccl.com.pe\/wp-content\/uploads\/2023\/11\/arbitraje2-1.png","type":"image\/png"}],"twitter_card":"summary_large_image","schema":{"@context":"https:\/\/schema.org","@graph":[{"@type":"WebPage","@id":"https:\/\/www.arbitrajeccl.com.pe\/en\/blog\/","url":"https:\/\/www.arbitrajeccl.com.pe\/en\/blog\/","name":"Arbitral Vision - Blog - Centro de Arbitraje - C\u00e1mara de comercio Lima","isPartOf":{"@id":"https:\/\/www.arbitrajeccl.com.pe\/en\/#website"},"primaryImageOfPage":{"@id":"https:\/\/www.arbitrajeccl.com.pe\/en\/blog\/#primaryimage"},"image":{"@id":"https:\/\/www.arbitrajeccl.com.pe\/en\/blog\/#primaryimage"},"thumbnailUrl":"https:\/\/www.arbitrajeccl.com.pe\/wp-content\/uploads\/2024\/04\/Vision-Arbitral-Blog.jpg","datePublished":"2023-09-27T20:56:41+00:00","dateModified":"2023-12-14T20:49:10+00:00","breadcrumb":{"@id":"https:\/\/www.arbitrajeccl.com.pe\/en\/blog\/#breadcrumb"},"inLanguage":"en-US","potentialAction":[{"@type":"ReadAction","target":["https:\/\/www.arbitrajeccl.com.pe\/en\/blog\/"]}]},{"@type":"ImageObject","inLanguage":"en-US","@id":"https:\/\/www.arbitrajeccl.com.pe\/en\/blog\/#primaryimage","url":"https:\/\/www.arbitrajeccl.com.pe\/wp-content\/uploads\/2024\/04\/Vision-Arbitral-Blog.jpg","contentUrl":"https:\/\/www.arbitrajeccl.com.pe\/wp-content\/uploads\/2024\/04\/Vision-Arbitral-Blog.jpg","width":898,"height":671,"caption":"Visi\u00f3n Arbitral - Blog"},{"@type":"BreadcrumbList","@id":"https:\/\/www.arbitrajeccl.com.pe\/en\/blog\/#breadcrumb","itemListElement":[{"@type":"ListItem","position":1,"name":"Portada","item":"https:\/\/www.arbitrajeccl.com.pe\/en\/"},{"@type":"ListItem","position":2,"name":"Arbitral Vision &#8211; Blog"}]},{"@type":"WebSite","@id":"https:\/\/www.arbitrajeccl.com.pe\/en\/#website","url":"https:\/\/www.arbitrajeccl.com.pe\/en\/","name":"Centro de Arbitraje CCL","description":"El Centro Nacional e Internacional de Arbitraje de la C\u00e1mara de Comercio de Lima fue fundado en 1993, en una coyuntura que exig\u00eda enfrentar los retos que presentaban los fen\u00f3menos de una econom\u00eda de mercado globalizada, donde era primordial la soluci\u00f3n de controversias de manera efectiva en el menor tiempo posible.","publisher":{"@id":"https:\/\/www.arbitrajeccl.com.pe\/en\/#organization"},"potentialAction":[{"@type":"SearchAction","target":{"@type":"EntryPoint","urlTemplate":"https:\/\/www.arbitrajeccl.com.pe\/en\/?s={search_term_string}"},"query-input":{"@type":"PropertyValueSpecification","valueRequired":true,"valueName":"search_term_string"}}],"inLanguage":"en-US"},{"@type":"Organization","@id":"https:\/\/www.arbitrajeccl.com.pe\/en\/#organization","name":"Centro de Arbitraje CCL","url":"https:\/\/www.arbitrajeccl.com.pe\/en\/","logo":{"@type":"ImageObject","inLanguage":"en-US","@id":"https:\/\/www.arbitrajeccl.com.pe\/en\/#\/schema\/logo\/image\/","url":"https:\/\/www.arbitrajeccl.com.pe\/wp-content\/uploads\/2023\/11\/arbitraje2-1.png","contentUrl":"https:\/\/www.arbitrajeccl.com.pe\/wp-content\/uploads\/2023\/11\/arbitraje2-1.png","width":708,"height":351,"caption":"Centro de Arbitraje CCL"},"image":{"@id":"https:\/\/www.arbitrajeccl.com.pe\/en\/#\/schema\/logo\/image\/"},"sameAs":["https:\/\/es.linkedin.com\/company\/centro-de-arbitraje-ccl","https:\/\/www.youtube.com\/channel\/UCB2V5gWFDrkPY0ImsvGs1ZQ"]}]}},"_links":{"self":[{"href":"https:\/\/www.arbitrajeccl.com.pe\/en\/wp-json\/wp\/v2\/pages\/1485","targetHints":{"allow":["GET"]}}],"collection":[{"href":"https:\/\/www.arbitrajeccl.com.pe\/en\/wp-json\/wp\/v2\/pages"}],"about":[{"href":"https:\/\/www.arbitrajeccl.com.pe\/en\/wp-json\/wp\/v2\/types\/page"}],"author":[{"embeddable":true,"href":"https:\/\/www.arbitrajeccl.com.pe\/en\/wp-json\/wp\/v2\/users\/4"}],"replies":[{"embeddable":true,"href":"https:\/\/www.arbitrajeccl.com.pe\/en\/wp-json\/wp\/v2\/comments?post=1485"}],"version-history":[{"count":7,"href":"https:\/\/www.arbitrajeccl.com.pe\/en\/wp-json\/wp\/v2\/pages\/1485\/revisions"}],"predecessor-version":[{"id":1883,"href":"https:\/\/www.arbitrajeccl.com.pe\/en\/wp-json\/wp\/v2\/pages\/1485\/revisions\/1883"}],"wp:featuredmedia":[{"embeddable":true,"href":"https:\/\/www.arbitrajeccl.com.pe\/en\/wp-json\/wp\/v2\/media\/15351"}],"wp:attachment":[{"href":"https:\/\/www.arbitrajeccl.com.pe\/en\/wp-json\/wp\/v2\/media?parent=1485"}],"curies":[{"name":"wp","href":"https:\/\/api.w.org\/{rel}","templated":true}]}}