{"id":13617,"date":"2023-11-24T21:58:30","date_gmt":"2023-11-25T02:58:30","guid":{"rendered":"https:\/\/www.arbitrajeccl.com.pe\/list-of-international-adjudicators-2\/"},"modified":"2025-07-30T11:37:11","modified_gmt":"2025-07-30T16:37:11","slug":"list-of-international-adjudicators-2","status":"publish","type":"page","link":"https:\/\/www.arbitrajeccl.com.pe\/en\/list-of-international-adjudicators-2\/","title":{"rendered":"List of International Adjudicators"},"content":{"rendered":"\r\n<p>&nbsp;<\/p>\r\n\r\n\r\n\r\n<p>&nbsp;<\/p>\r\n\r\n\r\n\r\n<p>adasdasdasdasdasdasdasd<\/p>\r\n","protected":false},"excerpt":{"rendered":"<p>&nbsp; &nbsp; adasdasdasdasdasdasdasd<\/p>\n","protected":false},"author":4,"featured_media":15304,"parent":0,"menu_order":0,"comment_status":"closed","ping_status":"closed","template":"listado-adjudicadores-internacionales.php","meta":{"footnotes":""},"class_list":["post-13617","page","type-page","status-publish","has-post-thumbnail"],"yoast_head":"<!-- This site is optimized with the Yoast SEO Premium plugin v23.7 (Yoast SEO v26.3) - https:\/\/yoast.com\/wordpress\/plugins\/seo\/ -->\n<title>List of International Adjudicators - Centro de Arbitraje - C\u00e1mara de comercio Lima<\/title>\n<meta name=\"robots\" content=\"index, follow, max-snippet:-1, max-image-preview:large, max-video-preview:-1\" \/>\n<link rel=\"canonical\" href=\"https:\/\/www.arbitrajeccl.com.pe\/en\/list-of-international-adjudicators-2\/\" \/>\n<meta property=\"og:locale\" content=\"en_US\" \/>\n<meta property=\"og:type\" content=\"article\" \/>\n<meta property=\"og:title\" content=\"List of International Adjudicators\" \/>\n<meta property=\"og:description\" content=\"&nbsp; &nbsp; adasdasdasdasdasdasdasd\" \/>\n<meta property=\"og:url\" content=\"https:\/\/www.arbitrajeccl.com.pe\/en\/list-of-international-adjudicators-2\/\" \/>\n<meta property=\"og:site_name\" content=\"Centro de Arbitraje - C\u00e1mara de comercio Lima\" \/>\n<meta property=\"article:modified_time\" content=\"2025-07-30T16:37:11+00:00\" \/>\n<meta property=\"og:image\" content=\"https:\/\/www.arbitrajeccl.com.pe\/wp-content\/uploads\/2024\/04\/arbitros_internacionales.jpg\" \/>\n\t<meta property=\"og:image:width\" content=\"820\" \/>\n\t<meta property=\"og:image:height\" content=\"668\" \/>\n\t<meta property=\"og:image:type\" content=\"image\/jpeg\" \/>\n<meta name=\"twitter:card\" content=\"summary_large_image\" \/>\n<meta name=\"twitter:label1\" content=\"Est. reading time\" \/>\n\t<meta name=\"twitter:data1\" content=\"1 minute\" \/>\n<script type=\"application\/ld+json\" class=\"yoast-schema-graph\">{\"@context\":\"https:\/\/schema.org\",\"@graph\":[{\"@type\":\"WebPage\",\"@id\":\"https:\/\/www.arbitrajeccl.com.pe\/en\/list-of-international-adjudicators-2\/\",\"url\":\"https:\/\/www.arbitrajeccl.com.pe\/en\/list-of-international-adjudicators-2\/\",\"name\":\"List of International Adjudicators - Centro de Arbitraje - C\u00e1mara de comercio Lima\",\"isPartOf\":{\"@id\":\"https:\/\/www.arbitrajeccl.com.pe\/en\/#website\"},\"primaryImageOfPage\":{\"@id\":\"https:\/\/www.arbitrajeccl.com.pe\/en\/list-of-international-adjudicators-2\/#primaryimage\"},\"image\":{\"@id\":\"https:\/\/www.arbitrajeccl.com.pe\/en\/list-of-international-adjudicators-2\/#primaryimage\"},\"thumbnailUrl\":\"https:\/\/www.arbitrajeccl.com.pe\/wp-content\/uploads\/2024\/04\/arbitros_internacionales.jpg\",\"datePublished\":\"2023-11-25T02:58:30+00:00\",\"dateModified\":\"2025-07-30T16:37:11+00:00\",\"breadcrumb\":{\"@id\":\"https:\/\/www.arbitrajeccl.com.pe\/en\/list-of-international-adjudicators-2\/#breadcrumb\"},\"inLanguage\":\"en-US\",\"potentialAction\":[{\"@type\":\"ReadAction\",\"target\":[\"https:\/\/www.arbitrajeccl.com.pe\/en\/list-of-international-adjudicators-2\/\"]}]},{\"@type\":\"ImageObject\",\"inLanguage\":\"en-US\",\"@id\":\"https:\/\/www.arbitrajeccl.com.pe\/en\/list-of-international-adjudicators-2\/#primaryimage\",\"url\":\"https:\/\/www.arbitrajeccl.com.pe\/wp-content\/uploads\/2024\/04\/arbitros_internacionales.jpg\",\"contentUrl\":\"https:\/\/www.arbitrajeccl.com.pe\/wp-content\/uploads\/2024\/04\/arbitros_internacionales.jpg\",\"width\":820,\"height\":668,\"caption\":\"Listado de \u00e1rbitros internacionales\"},{\"@type\":\"BreadcrumbList\",\"@id\":\"https:\/\/www.arbitrajeccl.com.pe\/en\/list-of-international-adjudicators-2\/#breadcrumb\",\"itemListElement\":[{\"@type\":\"ListItem\",\"position\":1,\"name\":\"Portada\",\"item\":\"https:\/\/www.arbitrajeccl.com.pe\/en\/\"},{\"@type\":\"ListItem\",\"position\":2,\"name\":\"List of International Adjudicators\"}]},{\"@type\":\"WebSite\",\"@id\":\"https:\/\/www.arbitrajeccl.com.pe\/en\/#website\",\"url\":\"https:\/\/www.arbitrajeccl.com.pe\/en\/\",\"name\":\"Centro de Arbitraje CCL\",\"description\":\"El Centro Nacional e Internacional de Arbitraje de la C\u00e1mara de Comercio de Lima fue fundado en 1993, en una coyuntura que exig\u00eda enfrentar los retos que presentaban los fen\u00f3menos de una econom\u00eda de mercado globalizada, donde era primordial la soluci\u00f3n de controversias de manera efectiva en el menor tiempo posible.\",\"publisher\":{\"@id\":\"https:\/\/www.arbitrajeccl.com.pe\/en\/#organization\"},\"potentialAction\":[{\"@type\":\"SearchAction\",\"target\":{\"@type\":\"EntryPoint\",\"urlTemplate\":\"https:\/\/www.arbitrajeccl.com.pe\/en\/?s={search_term_string}\"},\"query-input\":{\"@type\":\"PropertyValueSpecification\",\"valueRequired\":true,\"valueName\":\"search_term_string\"}}],\"inLanguage\":\"en-US\"},{\"@type\":\"Organization\",\"@id\":\"https:\/\/www.arbitrajeccl.com.pe\/en\/#organization\",\"name\":\"Centro de Arbitraje CCL\",\"url\":\"https:\/\/www.arbitrajeccl.com.pe\/en\/\",\"logo\":{\"@type\":\"ImageObject\",\"inLanguage\":\"en-US\",\"@id\":\"https:\/\/www.arbitrajeccl.com.pe\/en\/#\/schema\/logo\/image\/\",\"url\":\"https:\/\/www.arbitrajeccl.com.pe\/wp-content\/uploads\/2023\/11\/arbitraje2-1.png\",\"contentUrl\":\"https:\/\/www.arbitrajeccl.com.pe\/wp-content\/uploads\/2023\/11\/arbitraje2-1.png\",\"width\":708,\"height\":351,\"caption\":\"Centro de Arbitraje CCL\"},\"image\":{\"@id\":\"https:\/\/www.arbitrajeccl.com.pe\/en\/#\/schema\/logo\/image\/\"},\"sameAs\":[\"https:\/\/es.linkedin.com\/company\/centro-de-arbitraje-ccl\",\"https:\/\/www.youtube.com\/channel\/UCB2V5gWFDrkPY0ImsvGs1ZQ\"]}]}<\/script>\n<!-- \/ Yoast SEO Premium plugin. -->","yoast_head_json":{"title":"List of International Adjudicators - Centro de Arbitraje - C\u00e1mara de comercio Lima","robots":{"index":"index","follow":"follow","max-snippet":"max-snippet:-1","max-image-preview":"max-image-preview:large","max-video-preview":"max-video-preview:-1"},"canonical":"https:\/\/www.arbitrajeccl.com.pe\/en\/list-of-international-adjudicators-2\/","og_locale":"en_US","og_type":"article","og_title":"List of International Adjudicators","og_description":"&nbsp; &nbsp; adasdasdasdasdasdasdasd","og_url":"https:\/\/www.arbitrajeccl.com.pe\/en\/list-of-international-adjudicators-2\/","og_site_name":"Centro de Arbitraje - C\u00e1mara de comercio Lima","article_modified_time":"2025-07-30T16:37:11+00:00","og_image":[{"width":820,"height":668,"url":"https:\/\/www.arbitrajeccl.com.pe\/wp-content\/uploads\/2024\/04\/arbitros_internacionales.jpg","type":"image\/jpeg"}],"twitter_card":"summary_large_image","twitter_misc":{"Est. reading time":"1 minute"},"schema":{"@context":"https:\/\/schema.org","@graph":[{"@type":"WebPage","@id":"https:\/\/www.arbitrajeccl.com.pe\/en\/list-of-international-adjudicators-2\/","url":"https:\/\/www.arbitrajeccl.com.pe\/en\/list-of-international-adjudicators-2\/","name":"List of International Adjudicators - Centro de Arbitraje - C\u00e1mara de comercio Lima","isPartOf":{"@id":"https:\/\/www.arbitrajeccl.com.pe\/en\/#website"},"primaryImageOfPage":{"@id":"https:\/\/www.arbitrajeccl.com.pe\/en\/list-of-international-adjudicators-2\/#primaryimage"},"image":{"@id":"https:\/\/www.arbitrajeccl.com.pe\/en\/list-of-international-adjudicators-2\/#primaryimage"},"thumbnailUrl":"https:\/\/www.arbitrajeccl.com.pe\/wp-content\/uploads\/2024\/04\/arbitros_internacionales.jpg","datePublished":"2023-11-25T02:58:30+00:00","dateModified":"2025-07-30T16:37:11+00:00","breadcrumb":{"@id":"https:\/\/www.arbitrajeccl.com.pe\/en\/list-of-international-adjudicators-2\/#breadcrumb"},"inLanguage":"en-US","potentialAction":[{"@type":"ReadAction","target":["https:\/\/www.arbitrajeccl.com.pe\/en\/list-of-international-adjudicators-2\/"]}]},{"@type":"ImageObject","inLanguage":"en-US","@id":"https:\/\/www.arbitrajeccl.com.pe\/en\/list-of-international-adjudicators-2\/#primaryimage","url":"https:\/\/www.arbitrajeccl.com.pe\/wp-content\/uploads\/2024\/04\/arbitros_internacionales.jpg","contentUrl":"https:\/\/www.arbitrajeccl.com.pe\/wp-content\/uploads\/2024\/04\/arbitros_internacionales.jpg","width":820,"height":668,"caption":"Listado de \u00e1rbitros internacionales"},{"@type":"BreadcrumbList","@id":"https:\/\/www.arbitrajeccl.com.pe\/en\/list-of-international-adjudicators-2\/#breadcrumb","itemListElement":[{"@type":"ListItem","position":1,"name":"Portada","item":"https:\/\/www.arbitrajeccl.com.pe\/en\/"},{"@type":"ListItem","position":2,"name":"List of International Adjudicators"}]},{"@type":"WebSite","@id":"https:\/\/www.arbitrajeccl.com.pe\/en\/#website","url":"https:\/\/www.arbitrajeccl.com.pe\/en\/","name":"Centro de Arbitraje CCL","description":"El Centro Nacional e Internacional de Arbitraje de la C\u00e1mara de Comercio de Lima fue fundado en 1993, en una coyuntura que exig\u00eda enfrentar los retos que presentaban los fen\u00f3menos de una econom\u00eda de mercado globalizada, donde era primordial la soluci\u00f3n de controversias de manera efectiva en el menor tiempo posible.","publisher":{"@id":"https:\/\/www.arbitrajeccl.com.pe\/en\/#organization"},"potentialAction":[{"@type":"SearchAction","target":{"@type":"EntryPoint","urlTemplate":"https:\/\/www.arbitrajeccl.com.pe\/en\/?s={search_term_string}"},"query-input":{"@type":"PropertyValueSpecification","valueRequired":true,"valueName":"search_term_string"}}],"inLanguage":"en-US"},{"@type":"Organization","@id":"https:\/\/www.arbitrajeccl.com.pe\/en\/#organization","name":"Centro de Arbitraje CCL","url":"https:\/\/www.arbitrajeccl.com.pe\/en\/","logo":{"@type":"ImageObject","inLanguage":"en-US","@id":"https:\/\/www.arbitrajeccl.com.pe\/en\/#\/schema\/logo\/image\/","url":"https:\/\/www.arbitrajeccl.com.pe\/wp-content\/uploads\/2023\/11\/arbitraje2-1.png","contentUrl":"https:\/\/www.arbitrajeccl.com.pe\/wp-content\/uploads\/2023\/11\/arbitraje2-1.png","width":708,"height":351,"caption":"Centro de Arbitraje CCL"},"image":{"@id":"https:\/\/www.arbitrajeccl.com.pe\/en\/#\/schema\/logo\/image\/"},"sameAs":["https:\/\/es.linkedin.com\/company\/centro-de-arbitraje-ccl","https:\/\/www.youtube.com\/channel\/UCB2V5gWFDrkPY0ImsvGs1ZQ"]}]}},"_links":{"self":[{"href":"https:\/\/www.arbitrajeccl.com.pe\/en\/wp-json\/wp\/v2\/pages\/13617","targetHints":{"allow":["GET"]}}],"collection":[{"href":"https:\/\/www.arbitrajeccl.com.pe\/en\/wp-json\/wp\/v2\/pages"}],"about":[{"href":"https:\/\/www.arbitrajeccl.com.pe\/en\/wp-json\/wp\/v2\/types\/page"}],"author":[{"embeddable":true,"href":"https:\/\/www.arbitrajeccl.com.pe\/en\/wp-json\/wp\/v2\/users\/4"}],"replies":[{"embeddable":true,"href":"https:\/\/www.arbitrajeccl.com.pe\/en\/wp-json\/wp\/v2\/comments?post=13617"}],"version-history":[{"count":3,"href":"https:\/\/www.arbitrajeccl.com.pe\/en\/wp-json\/wp\/v2\/pages\/13617\/revisions"}],"predecessor-version":[{"id":19147,"href":"https:\/\/www.arbitrajeccl.com.pe\/en\/wp-json\/wp\/v2\/pages\/13617\/revisions\/19147"}],"wp:featuredmedia":[{"embeddable":true,"href":"https:\/\/www.arbitrajeccl.com.pe\/en\/wp-json\/wp\/v2\/media\/15304"}],"wp:attachment":[{"href":"https:\/\/www.arbitrajeccl.com.pe\/en\/wp-json\/wp\/v2\/media?parent=13617"}],"curies":[{"name":"wp","href":"https:\/\/api.w.org\/{rel}","templated":true}]}}